{"id":44,"date":"2017-09-10T10:46:36","date_gmt":"2017-09-10T10:46:36","guid":{"rendered":"https:\/\/blossombeautyhelsinki.wordpress.com\/?page_id=44"},"modified":"2024-02-06T09:35:36","modified_gmt":"2024-02-06T09:35:36","slug":"etusivu","status":"publish","type":"page","link":"https:\/\/www.blossombeautyhelsinki.fi\/","title":{"rendered":"Etusivu"},"content":{"rendered":"<p><a href=\"https:\/\/www.blossombeautyhelsinki.fi\/wp-content\/uploads\/2018\/11\/edited-2-2.jpg\"><img loading=\"lazy\" decoding=\"async\" class=\"alignnone size-full wp-image-794\" src=\"https:\/\/www.blossombeautyhelsinki.fi\/wp-content\/uploads\/2018\/11\/edited-2-2.jpg\" alt=\"\" width=\"285\" height=\"160\" \/><\/a><\/p>\n<p>Blossom Beauty on kauneushoitola, joka tarjoaa Nano-pigmentoinnit (kulmat, eyeliner ja huulet), ripsienpidennykset, Brows- ja Lash Liftit, sek\u00e4 sokeroinnit. Palvelumme-sivulta l\u00f6yd\u00e4t lis\u00e4\u00e4 tietoa palveluistamme, ja hinnasto sijaitsee omalla Hinnasto-v\u00e4lilehdell\u00e4\u00e4n. Ajanvaraus onnistuu k\u00e4tevimmin s\u00e4hk\u00f6isess\u00e4 ajanvarauspalvelussamme, mutta toki my\u00f6s puhelimitse tai vaikka paikan p\u00e4\u00e4ll\u00e4 piipahtamalla!<\/p>\n<p>Meilt\u00e4 saat my\u00f6s lahjakortit el\u00e4m\u00e4si ihmisille t\u00e4rkeisiin hetkiin, tai vaikka ihan muuten vain muistamiseen.<\/p>\n<p>Tervetuloa!<\/p>\n<p>Lis\u00e4\u00e4 t\u00f6it\u00e4mme l\u00f6yd\u00e4t FB ja IG<br \/>\nBlossom Beauty Helsinki -sivustoilla.<\/p>\n<p><a href=\"https:\/\/www.blossombeautyhelsinki.fi\/wp-content\/uploads\/2017\/10\/microblading-001.png\"><img loading=\"lazy\" decoding=\"async\" class=\"alignnone size-medium wp-image-284\" src=\"https:\/\/www.blossombeautyhelsinki.fi\/wp-content\/uploads\/2017\/10\/microblading-001-300x300.png\" alt=\"\" width=\"300\" height=\"300\" srcset=\"https:\/\/www.blossombeautyhelsinki.fi\/wp-content\/uploads\/2017\/10\/microblading-001-300x300.png 300w, https:\/\/www.blossombeautyhelsinki.fi\/wp-content\/uploads\/2017\/10\/microblading-001-150x150.png 150w, https:\/\/www.blossombeautyhelsinki.fi\/wp-content\/uploads\/2017\/10\/microblading-001-768x767.png 768w, https:\/\/www.blossombeautyhelsinki.fi\/wp-content\/uploads\/2017\/10\/microblading-001-100x100.png 100w, https:\/\/www.blossombeautyhelsinki.fi\/wp-content\/uploads\/2017\/10\/microblading-001.png 787w\" sizes=\"(max-width: 300px) 100vw, 300px\" \/><\/a><a href=\"https:\/\/www.blossombeautyhelsinki.fi\/wp-content\/uploads\/2018\/11\/46419014_2023316997960847_1150394328670011392_n.jpg\"><img loading=\"lazy\" decoding=\"async\" class=\"alignnone size-medium wp-image-801\" src=\"https:\/\/www.blossombeautyhelsinki.fi\/wp-content\/uploads\/2018\/11\/46419014_2023316997960847_1150394328670011392_n-300x300.jpg\" alt=\"\" width=\"300\" height=\"300\" srcset=\"https:\/\/www.blossombeautyhelsinki.fi\/wp-content\/uploads\/2018\/11\/46419014_2023316997960847_1150394328670011392_n-300x300.jpg 300w, https:\/\/www.blossombeautyhelsinki.fi\/wp-content\/uploads\/2018\/11\/46419014_2023316997960847_1150394328670011392_n-150x150.jpg 150w, https:\/\/www.blossombeautyhelsinki.fi\/wp-content\/uploads\/2018\/11\/46419014_2023316997960847_1150394328670011392_n-768x768.jpg 768w, https:\/\/www.blossombeautyhelsinki.fi\/wp-content\/uploads\/2018\/11\/46419014_2023316997960847_1150394328670011392_n-90x90.jpg 90w, https:\/\/www.blossombeautyhelsinki.fi\/wp-content\/uploads\/2018\/11\/46419014_2023316997960847_1150394328670011392_n-380x380.jpg 380w, https:\/\/www.blossombeautyhelsinki.fi\/wp-content\/uploads\/2018\/11\/46419014_2023316997960847_1150394328670011392_n.jpg 960w\" sizes=\"(max-width: 300px) 100vw, 300px\" \/><\/a><a href=\"https:\/\/www.blossombeautyhelsinki.fi\/wp-content\/uploads\/2020\/12\/130187866_2544634649163571_7934515724267793331_n.jpg\"><img loading=\"lazy\" decoding=\"async\" class=\"alignnone size-medium wp-image-884\" src=\"https:\/\/www.blossombeautyhelsinki.fi\/wp-content\/uploads\/2020\/12\/130187866_2544634649163571_7934515724267793331_n-294x300.jpg\" alt=\"\" width=\"294\" height=\"300\" srcset=\"https:\/\/www.blossombeautyhelsinki.fi\/wp-content\/uploads\/2020\/12\/130187866_2544634649163571_7934515724267793331_n-294x300.jpg 294w, https:\/\/www.blossombeautyhelsinki.fi\/wp-content\/uploads\/2020\/12\/130187866_2544634649163571_7934515724267793331_n-768x784.jpg 768w, https:\/\/www.blossombeautyhelsinki.fi\/wp-content\/uploads\/2020\/12\/130187866_2544634649163571_7934515724267793331_n-1003x1024.jpg 1003w, https:\/\/www.blossombeautyhelsinki.fi\/wp-content\/uploads\/2020\/12\/130187866_2544634649163571_7934515724267793331_n-372x380.jpg 372w, https:\/\/www.blossombeautyhelsinki.fi\/wp-content\/uploads\/2020\/12\/130187866_2544634649163571_7934515724267793331_n.jpg 1215w\" sizes=\"(max-width: 294px) 100vw, 294px\" \/><\/a><a href=\"https:\/\/www.blossombeautyhelsinki.fi\/wp-content\/uploads\/2020\/12\/130230087_753133132221302_2896224447107902213_n.jpg\"><img loading=\"lazy\" decoding=\"async\" class=\"alignnone size-medium wp-image-885\" src=\"https:\/\/www.blossombeautyhelsinki.fi\/wp-content\/uploads\/2020\/12\/130230087_753133132221302_2896224447107902213_n-298x300.jpg\" alt=\"\" width=\"298\" height=\"300\" srcset=\"https:\/\/www.blossombeautyhelsinki.fi\/wp-content\/uploads\/2020\/12\/130230087_753133132221302_2896224447107902213_n-298x300.jpg 298w, https:\/\/www.blossombeautyhelsinki.fi\/wp-content\/uploads\/2020\/12\/130230087_753133132221302_2896224447107902213_n-150x150.jpg 150w, https:\/\/www.blossombeautyhelsinki.fi\/wp-content\/uploads\/2020\/12\/130230087_753133132221302_2896224447107902213_n-768x774.jpg 768w, https:\/\/www.blossombeautyhelsinki.fi\/wp-content\/uploads\/2020\/12\/130230087_753133132221302_2896224447107902213_n-1017x1024.jpg 1017w, https:\/\/www.blossombeautyhelsinki.fi\/wp-content\/uploads\/2020\/12\/130230087_753133132221302_2896224447107902213_n-90x90.jpg 90w, https:\/\/www.blossombeautyhelsinki.fi\/wp-content\/uploads\/2020\/12\/130230087_753133132221302_2896224447107902213_n-377x380.jpg 377w, https:\/\/www.blossombeautyhelsinki.fi\/wp-content\/uploads\/2020\/12\/130230087_753133132221302_2896224447107902213_n.jpg 1234w\" sizes=\"(max-width: 298px) 100vw, 298px\" \/><\/a><a href=\"https:\/\/www.blossombeautyhelsinki.fi\/wp-content\/uploads\/2020\/12\/130294250_166641611854996_6403250262932359956_n.jpg\"><img loading=\"lazy\" decoding=\"async\" class=\"alignnone size-medium wp-image-894\" src=\"https:\/\/www.blossombeautyhelsinki.fi\/wp-content\/uploads\/2020\/12\/130294250_166641611854996_6403250262932359956_n-300x297.jpg\" alt=\"\" width=\"300\" height=\"297\" srcset=\"https:\/\/www.blossombeautyhelsinki.fi\/wp-content\/uploads\/2020\/12\/130294250_166641611854996_6403250262932359956_n-300x297.jpg 300w, https:\/\/www.blossombeautyhelsinki.fi\/wp-content\/uploads\/2020\/12\/130294250_166641611854996_6403250262932359956_n-150x150.jpg 150w, https:\/\/www.blossombeautyhelsinki.fi\/wp-content\/uploads\/2020\/12\/130294250_166641611854996_6403250262932359956_n-768x761.jpg 768w, https:\/\/www.blossombeautyhelsinki.fi\/wp-content\/uploads\/2020\/12\/130294250_166641611854996_6403250262932359956_n-1024x1015.jpg 1024w, https:\/\/www.blossombeautyhelsinki.fi\/wp-content\/uploads\/2020\/12\/130294250_166641611854996_6403250262932359956_n-90x90.jpg 90w, https:\/\/www.blossombeautyhelsinki.fi\/wp-content\/uploads\/2020\/12\/130294250_166641611854996_6403250262932359956_n-383x380.jpg 383w, https:\/\/www.blossombeautyhelsinki.fi\/wp-content\/uploads\/2020\/12\/130294250_166641611854996_6403250262932359956_n.jpg 1242w\" sizes=\"(max-width: 300px) 100vw, 300px\" \/><\/a><a href=\"https:\/\/www.blossombeautyhelsinki.fi\/wp-content\/uploads\/2020\/12\/130045069_296161555099386_4624699425656815513_n.jpg\"><img loading=\"lazy\" decoding=\"async\" class=\"alignnone size-medium wp-image-892\" src=\"https:\/\/www.blossombeautyhelsinki.fi\/wp-content\/uploads\/2020\/12\/130045069_296161555099386_4624699425656815513_n-300x293.jpg\" alt=\"\" width=\"300\" height=\"293\" srcset=\"https:\/\/www.blossombeautyhelsinki.fi\/wp-content\/uploads\/2020\/12\/130045069_296161555099386_4624699425656815513_n-300x293.jpg 300w, https:\/\/www.blossombeautyhelsinki.fi\/wp-content\/uploads\/2020\/12\/130045069_296161555099386_4624699425656815513_n-768x751.jpg 768w, https:\/\/www.blossombeautyhelsinki.fi\/wp-content\/uploads\/2020\/12\/130045069_296161555099386_4624699425656815513_n-1024x1001.jpg 1024w, https:\/\/www.blossombeautyhelsinki.fi\/wp-content\/uploads\/2020\/12\/130045069_296161555099386_4624699425656815513_n-389x380.jpg 389w, https:\/\/www.blossombeautyhelsinki.fi\/wp-content\/uploads\/2020\/12\/130045069_296161555099386_4624699425656815513_n.jpg 1242w\" sizes=\"(max-width: 300px) 100vw, 300px\" \/><\/a><a href=\"https:\/\/www.blossombeautyhelsinki.fi\/wp-content\/uploads\/2018\/07\/Nano-EL.png\"><img loading=\"lazy\" decoding=\"async\" class=\"alignnone size-medium wp-image-648\" src=\"https:\/\/www.blossombeautyhelsinki.fi\/wp-content\/uploads\/2018\/07\/Nano-EL-300x298.png\" alt=\"\" width=\"300\" height=\"298\" srcset=\"https:\/\/www.blossombeautyhelsinki.fi\/wp-content\/uploads\/2018\/07\/Nano-EL-300x298.png 300w, https:\/\/www.blossombeautyhelsinki.fi\/wp-content\/uploads\/2018\/07\/Nano-EL-150x150.png 150w, https:\/\/www.blossombeautyhelsinki.fi\/wp-content\/uploads\/2018\/07\/Nano-EL-90x90.png 90w, https:\/\/www.blossombeautyhelsinki.fi\/wp-content\/uploads\/2018\/07\/Nano-EL-383x380.png 383w, https:\/\/www.blossombeautyhelsinki.fi\/wp-content\/uploads\/2018\/07\/Nano-EL.png 599w\" sizes=\"(max-width: 300px) 100vw, 300px\" \/><\/a><a href=\"https:\/\/www.blossombeautyhelsinki.fi\/wp-content\/uploads\/2020\/12\/130303041_2850171998598866_2971818747016430574_n.jpg\"><img loading=\"lazy\" decoding=\"async\" class=\"alignnone size-medium wp-image-893\" src=\"https:\/\/www.blossombeautyhelsinki.fi\/wp-content\/uploads\/2020\/12\/130303041_2850171998598866_2971818747016430574_n-197x300.jpg\" alt=\"\" width=\"197\" height=\"300\" srcset=\"https:\/\/www.blossombeautyhelsinki.fi\/wp-content\/uploads\/2020\/12\/130303041_2850171998598866_2971818747016430574_n-197x300.jpg 197w, https:\/\/www.blossombeautyhelsinki.fi\/wp-content\/uploads\/2020\/12\/130303041_2850171998598866_2971818747016430574_n-768x1168.jpg 768w, https:\/\/www.blossombeautyhelsinki.fi\/wp-content\/uploads\/2020\/12\/130303041_2850171998598866_2971818747016430574_n-673x1024.jpg 673w, https:\/\/www.blossombeautyhelsinki.fi\/wp-content\/uploads\/2020\/12\/130303041_2850171998598866_2971818747016430574_n-250x380.jpg 250w, https:\/\/www.blossombeautyhelsinki.fi\/wp-content\/uploads\/2020\/12\/130303041_2850171998598866_2971818747016430574_n.jpg 821w\" sizes=\"(max-width: 197px) 100vw, 197px\" \/><\/a><a href=\"https:\/\/www.blossombeautyhelsinki.fi\/wp-content\/uploads\/2020\/12\/130298068_380617099823806_7918839278513456738_n.jpg\"><img loading=\"lazy\" decoding=\"async\" class=\"alignnone size-medium wp-image-891\" src=\"https:\/\/www.blossombeautyhelsinki.fi\/wp-content\/uploads\/2020\/12\/130298068_380617099823806_7918839278513456738_n-300x300.jpg\" alt=\"\" width=\"300\" height=\"300\" srcset=\"https:\/\/www.blossombeautyhelsinki.fi\/wp-content\/uploads\/2020\/12\/130298068_380617099823806_7918839278513456738_n-300x300.jpg 300w, https:\/\/www.blossombeautyhelsinki.fi\/wp-content\/uploads\/2020\/12\/130298068_380617099823806_7918839278513456738_n-150x150.jpg 150w, https:\/\/www.blossombeautyhelsinki.fi\/wp-content\/uploads\/2020\/12\/130298068_380617099823806_7918839278513456738_n-1024x1019.jpg 1024w, https:\/\/www.blossombeautyhelsinki.fi\/wp-content\/uploads\/2020\/12\/130298068_380617099823806_7918839278513456738_n-90x90.jpg 90w, https:\/\/www.blossombeautyhelsinki.fi\/wp-content\/uploads\/2020\/12\/130298068_380617099823806_7918839278513456738_n.jpg 1242w\" sizes=\"(max-width: 300px) 100vw, 300px\" \/><\/a><\/p>\n","protected":false},"excerpt":{"rendered":"<p>Blossom Beauty on kauneushoitola, joka tarjoaa Nano-pigmentoinnit (kulmat, eyeliner ja huulet), ripsienpidennykset, Brows- ja Lash Liftit, sek\u00e4 sokeroinnit. Palvelumme-sivulta l\u00f6yd\u00e4t lis\u00e4\u00e4 tietoa palveluistamme, ja hinnasto sijaitsee omalla Hinnasto-v\u00e4lilehdell\u00e4\u00e4n. Ajanvaraus onnistuu k\u00e4tevimmin s\u00e4hk\u00f6isess\u00e4 ajanvarauspalvelussamme, mutta toki my\u00f6s puhelimitse tai vaikka paikan p\u00e4\u00e4ll\u00e4 piipahtamalla! Meilt\u00e4 saat my\u00f6s lahjakortit el\u00e4m\u00e4si ihmisille t\u00e4rkeisiin hetkiin, tai vaikka ihan muuten vain [&hellip;]<\/p>\n","protected":false},"author":2,"featured_media":0,"parent":0,"menu_order":0,"comment_status":"closed","ping_status":"closed","template":"","meta":{"footnotes":""},"_links":{"self":[{"href":"https:\/\/www.blossombeautyhelsinki.fi\/index.php?rest_route=\/wp\/v2\/pages\/44"}],"collection":[{"href":"https:\/\/www.blossombeautyhelsinki.fi\/index.php?rest_route=\/wp\/v2\/pages"}],"about":[{"href":"https:\/\/www.blossombeautyhelsinki.fi\/index.php?rest_route=\/wp\/v2\/types\/page"}],"author":[{"embeddable":true,"href":"https:\/\/www.blossombeautyhelsinki.fi\/index.php?rest_route=\/wp\/v2\/users\/2"}],"replies":[{"embeddable":true,"href":"https:\/\/www.blossombeautyhelsinki.fi\/index.php?rest_route=%2Fwp%2Fv2%2Fcomments&post=44"}],"version-history":[{"count":24,"href":"https:\/\/www.blossombeautyhelsinki.fi\/index.php?rest_route=\/wp\/v2\/pages\/44\/revisions"}],"predecessor-version":[{"id":946,"href":"https:\/\/www.blossombeautyhelsinki.fi\/index.php?rest_route=\/wp\/v2\/pages\/44\/revisions\/946"}],"wp:attachment":[{"href":"https:\/\/www.blossombeautyhelsinki.fi\/index.php?rest_route=%2Fwp%2Fv2%2Fmedia&parent=44"}],"curies":[{"name":"wp","href":"https:\/\/api.w.org\/{rel}","templated":true}]}}