{"id":387,"date":"2017-11-11T08:25:36","date_gmt":"2017-11-11T08:25:36","guid":{"rendered":"https:\/\/blossombeautyhelsinki.wordpress.com\/?page_id=387"},"modified":"2020-12-06T12:54:23","modified_gmt":"2020-12-06T12:54:23","slug":"ripsien-tyvikohotus-botox-ripsiin-ja-ripsien-laminointi","status":"publish","type":"page","link":"https:\/\/www.blossombeautyhelsinki.fi\/?page_id=387","title":{"rendered":"Ripsien tyvikohotus, botox ripsiin ja ripsien laminointi"},"content":{"rendered":"<p><a href=\"https:\/\/www.blossombeautyhelsinki.fi\/?page_id=49\">&lt;- Takaisin sivulle \u201cPalvelumme\u201d<\/a><\/p>\n<p><a href=\"https:\/\/www.blossombeautyhelsinki.fi\/wp-content\/uploads\/2020\/12\/130234597_167385388449833_4149105003443570060_n.jpg\"><img loading=\"lazy\" decoding=\"async\" class=\"alignnone size-medium wp-image-881\" src=\"https:\/\/www.blossombeautyhelsinki.fi\/wp-content\/uploads\/2020\/12\/130234597_167385388449833_4149105003443570060_n-300x297.jpg\" alt=\"\" width=\"300\" height=\"297\" srcset=\"https:\/\/www.blossombeautyhelsinki.fi\/wp-content\/uploads\/2020\/12\/130234597_167385388449833_4149105003443570060_n-300x297.jpg 300w, https:\/\/www.blossombeautyhelsinki.fi\/wp-content\/uploads\/2020\/12\/130234597_167385388449833_4149105003443570060_n-150x150.jpg 150w, https:\/\/www.blossombeautyhelsinki.fi\/wp-content\/uploads\/2020\/12\/130234597_167385388449833_4149105003443570060_n-768x760.jpg 768w, https:\/\/www.blossombeautyhelsinki.fi\/wp-content\/uploads\/2020\/12\/130234597_167385388449833_4149105003443570060_n-1024x1013.jpg 1024w, https:\/\/www.blossombeautyhelsinki.fi\/wp-content\/uploads\/2020\/12\/130234597_167385388449833_4149105003443570060_n-90x90.jpg 90w, https:\/\/www.blossombeautyhelsinki.fi\/wp-content\/uploads\/2020\/12\/130234597_167385388449833_4149105003443570060_n-384x380.jpg 384w, https:\/\/www.blossombeautyhelsinki.fi\/wp-content\/uploads\/2020\/12\/130234597_167385388449833_4149105003443570060_n.jpg 1242w\" sizes=\"(max-width: 300px) 100vw, 300px\" \/><\/a><a href=\"https:\/\/www.blossombeautyhelsinki.fi\/wp-content\/uploads\/2020\/12\/130187866_2544634649163571_7934515724267793331_n.jpg\"><img loading=\"lazy\" decoding=\"async\" class=\"alignnone size-medium wp-image-884\" src=\"https:\/\/www.blossombeautyhelsinki.fi\/wp-content\/uploads\/2020\/12\/130187866_2544634649163571_7934515724267793331_n-294x300.jpg\" alt=\"\" width=\"294\" height=\"300\" srcset=\"https:\/\/www.blossombeautyhelsinki.fi\/wp-content\/uploads\/2020\/12\/130187866_2544634649163571_7934515724267793331_n-294x300.jpg 294w, https:\/\/www.blossombeautyhelsinki.fi\/wp-content\/uploads\/2020\/12\/130187866_2544634649163571_7934515724267793331_n-768x784.jpg 768w, https:\/\/www.blossombeautyhelsinki.fi\/wp-content\/uploads\/2020\/12\/130187866_2544634649163571_7934515724267793331_n-1003x1024.jpg 1003w, https:\/\/www.blossombeautyhelsinki.fi\/wp-content\/uploads\/2020\/12\/130187866_2544634649163571_7934515724267793331_n-372x380.jpg 372w, https:\/\/www.blossombeautyhelsinki.fi\/wp-content\/uploads\/2020\/12\/130187866_2544634649163571_7934515724267793331_n.jpg 1215w\" sizes=\"(max-width: 294px) 100vw, 294px\" \/><\/a><a href=\"https:\/\/www.blossombeautyhelsinki.fi\/wp-content\/uploads\/2020\/12\/130230087_753133132221302_2896224447107902213_n.jpg\"><img loading=\"lazy\" decoding=\"async\" class=\"alignnone size-medium wp-image-885\" src=\"https:\/\/www.blossombeautyhelsinki.fi\/wp-content\/uploads\/2020\/12\/130230087_753133132221302_2896224447107902213_n-298x300.jpg\" alt=\"\" width=\"298\" height=\"300\" srcset=\"https:\/\/www.blossombeautyhelsinki.fi\/wp-content\/uploads\/2020\/12\/130230087_753133132221302_2896224447107902213_n-298x300.jpg 298w, https:\/\/www.blossombeautyhelsinki.fi\/wp-content\/uploads\/2020\/12\/130230087_753133132221302_2896224447107902213_n-150x150.jpg 150w, https:\/\/www.blossombeautyhelsinki.fi\/wp-content\/uploads\/2020\/12\/130230087_753133132221302_2896224447107902213_n-768x774.jpg 768w, https:\/\/www.blossombeautyhelsinki.fi\/wp-content\/uploads\/2020\/12\/130230087_753133132221302_2896224447107902213_n-1017x1024.jpg 1017w, https:\/\/www.blossombeautyhelsinki.fi\/wp-content\/uploads\/2020\/12\/130230087_753133132221302_2896224447107902213_n-90x90.jpg 90w, https:\/\/www.blossombeautyhelsinki.fi\/wp-content\/uploads\/2020\/12\/130230087_753133132221302_2896224447107902213_n-377x380.jpg 377w, https:\/\/www.blossombeautyhelsinki.fi\/wp-content\/uploads\/2020\/12\/130230087_753133132221302_2896224447107902213_n.jpg 1234w\" sizes=\"(max-width: 298px) 100vw, 298px\" \/><\/a><a href=\"https:\/\/www.blossombeautyhelsinki.fi\/wp-content\/uploads\/2020\/12\/130235931_216497413182909_3077662817067859200_n.jpg\"><img loading=\"lazy\" decoding=\"async\" class=\"alignnone size-medium wp-image-883\" src=\"https:\/\/www.blossombeautyhelsinki.fi\/wp-content\/uploads\/2020\/12\/130235931_216497413182909_3077662817067859200_n-300x298.jpg\" alt=\"\" width=\"300\" height=\"298\" srcset=\"https:\/\/www.blossombeautyhelsinki.fi\/wp-content\/uploads\/2020\/12\/130235931_216497413182909_3077662817067859200_n-300x298.jpg 300w, https:\/\/www.blossombeautyhelsinki.fi\/wp-content\/uploads\/2020\/12\/130235931_216497413182909_3077662817067859200_n-150x150.jpg 150w, https:\/\/www.blossombeautyhelsinki.fi\/wp-content\/uploads\/2020\/12\/130235931_216497413182909_3077662817067859200_n-768x762.jpg 768w, https:\/\/www.blossombeautyhelsinki.fi\/wp-content\/uploads\/2020\/12\/130235931_216497413182909_3077662817067859200_n-1024x1016.jpg 1024w, https:\/\/www.blossombeautyhelsinki.fi\/wp-content\/uploads\/2020\/12\/130235931_216497413182909_3077662817067859200_n-90x90.jpg 90w, https:\/\/www.blossombeautyhelsinki.fi\/wp-content\/uploads\/2020\/12\/130235931_216497413182909_3077662817067859200_n-383x380.jpg 383w, https:\/\/www.blossombeautyhelsinki.fi\/wp-content\/uploads\/2020\/12\/130235931_216497413182909_3077662817067859200_n.jpg 1242w\" sizes=\"(max-width: 300px) 100vw, 300px\" \/><\/a><\/p>\n<p>Ripsien tyvikohotus (Lash Lift) on t\u00e4ysin uudenlainen ripsien kestotaivutus, joka lis\u00e4\u00e4 nostetta ja volyymia ripsiin. T\u00e4ll\u00e4 tekniikalla ripset taivutetaan juuresta erityisen geelityynyn p\u00e4\u00e4lle, jolloin ripset taipuvat suoraan yl\u00f6sp\u00e4in. Tyvikohotuksen j\u00e4lkeen ripset n\u00e4ytt\u00e4v\u00e4t pitkilt\u00e4 ja katse avoimelta. Vaikutus kest\u00e4\u00e4 6-8 viikkoa. T\u00e4m\u00e4n j\u00e4lkeen hoidon voi uusia tai voit jatkaa ripsiesi kanssa kuten ennen. Tyvikohotus ei siis vaadi huoltokierrett\u00e4 kuten ripsienpidennykset, sill\u00e4 sen vaikutus katoaa pikkuhiljaa ripsien uusiutuessa ja kasvaessa. Ripset voi my\u00f6s kestov\u00e4rj\u00e4t\u00e4 tyvikohotuksen yhteydess\u00e4.<\/p>\n<p>Ripsien tyvikohotuksen yhteydess\u00e4 on my\u00f6s mahdollista ottaa ripsi\u00e4 syv\u00e4ravitseva botox ripsiin ja ripsien laminointi. Ripsibotox sis\u00e4lt\u00e4\u00e4 aminohappoja, proteiineja ja argan-\u00f6ljyj\u00e4, jotka ravitsevat ja syv\u00e4kosteuttavat ripsikarvaa sis\u00e4lt\u00e4p\u00e4in. Hoitoa suositellaan erityisesti heille, jotka kestovarj\u00e4\u00e4v\u00e4t ja taivuttavat ripsi\u00e4\u00e4n usein. Botox-hoidon ripsiin voi ottaa ripsien tyvikohotuksen yhteydess\u00e4 tai itsen\u00e4isen\u00e4 palveluna.<\/p>\n<p>Ripsien laminoinnissa luonnonripset k\u00e4sitell\u00e4\u00e4n vitamiineja sis\u00e4lt\u00e4v\u00e4ll\u00e4 aineella, jolloin ripsist\u00e4 saadaan n\u00e4ytt\u00e4v\u00e4mm\u00e4n ja tuuheamman n\u00e4k\u00f6iset.<\/p>\n<p>&nbsp;<\/p>\n","protected":false},"excerpt":{"rendered":"<p>&lt;- Takaisin sivulle \u201cPalvelumme\u201d Ripsien tyvikohotus (Lash Lift) on t\u00e4ysin uudenlainen ripsien kestotaivutus, joka lis\u00e4\u00e4 nostetta ja volyymia ripsiin. T\u00e4ll\u00e4 tekniikalla ripset taivutetaan juuresta erityisen geelityynyn p\u00e4\u00e4lle, jolloin ripset taipuvat suoraan yl\u00f6sp\u00e4in. Tyvikohotuksen j\u00e4lkeen ripset n\u00e4ytt\u00e4v\u00e4t pitkilt\u00e4 ja katse avoimelta. Vaikutus kest\u00e4\u00e4 6-8 viikkoa. T\u00e4m\u00e4n j\u00e4lkeen hoidon voi uusia tai voit jatkaa ripsiesi kanssa kuten [&hellip;]<\/p>\n","protected":false},"author":2,"featured_media":0,"parent":0,"menu_order":0,"comment_status":"closed","ping_status":"closed","template":"","meta":{"footnotes":""},"_links":{"self":[{"href":"https:\/\/www.blossombeautyhelsinki.fi\/index.php?rest_route=\/wp\/v2\/pages\/387"}],"collection":[{"href":"https:\/\/www.blossombeautyhelsinki.fi\/index.php?rest_route=\/wp\/v2\/pages"}],"about":[{"href":"https:\/\/www.blossombeautyhelsinki.fi\/index.php?rest_route=\/wp\/v2\/types\/page"}],"author":[{"embeddable":true,"href":"https:\/\/www.blossombeautyhelsinki.fi\/index.php?rest_route=\/wp\/v2\/users\/2"}],"replies":[{"embeddable":true,"href":"https:\/\/www.blossombeautyhelsinki.fi\/index.php?rest_route=%2Fwp%2Fv2%2Fcomments&post=387"}],"version-history":[{"count":7,"href":"https:\/\/www.blossombeautyhelsinki.fi\/index.php?rest_route=\/wp\/v2\/pages\/387\/revisions"}],"predecessor-version":[{"id":890,"href":"https:\/\/www.blossombeautyhelsinki.fi\/index.php?rest_route=\/wp\/v2\/pages\/387\/revisions\/890"}],"wp:attachment":[{"href":"https:\/\/www.blossombeautyhelsinki.fi\/index.php?rest_route=%2Fwp%2Fv2%2Fmedia&parent=387"}],"curies":[{"name":"wp","href":"https:\/\/api.w.org\/{rel}","templated":true}]}}