{"id":322,"date":"2017-10-10T19:31:23","date_gmt":"2017-10-10T19:31:23","guid":{"rendered":"https:\/\/blossombeautyhelsinki.wordpress.com\/?page_id=322"},"modified":"2018-07-24T17:59:48","modified_gmt":"2018-07-24T17:59:48","slug":"kynsipalvelut","status":"publish","type":"page","link":"https:\/\/www.blossombeautyhelsinki.fi\/?page_id=322","title":{"rendered":"Kynsipalvelut"},"content":{"rendered":"<p><a href=\"https:\/\/www.blossombeautyhelsinki.fi\/?page_id=49\">&lt;- Takaisin sivulle \u201cPalvelumme\u201d<\/a><\/p>\n<div id='gallery-1' class='gallery galleryid-322 gallery-columns-3 gallery-size-thumbnail'><dl class='gallery-item'>\n\t\t\t<dt class='gallery-icon portrait'>\n\t\t\t\t<a href='https:\/\/www.blossombeautyhelsinki.fi\/?attachment_id=644#main'><img loading=\"lazy\" decoding=\"async\" width=\"150\" height=\"150\" src=\"https:\/\/www.blossombeautyhelsinki.fi\/wp-content\/uploads\/2018\/07\/Kynnet-3-150x150.png\" class=\"attachment-thumbnail size-thumbnail\" alt=\"\" srcset=\"https:\/\/www.blossombeautyhelsinki.fi\/wp-content\/uploads\/2018\/07\/Kynnet-3-150x150.png 150w, https:\/\/www.blossombeautyhelsinki.fi\/wp-content\/uploads\/2018\/07\/Kynnet-3-300x300.png 300w, https:\/\/www.blossombeautyhelsinki.fi\/wp-content\/uploads\/2018\/07\/Kynnet-3-90x90.png 90w, https:\/\/www.blossombeautyhelsinki.fi\/wp-content\/uploads\/2018\/07\/Kynnet-3-379x380.png 379w, https:\/\/www.blossombeautyhelsinki.fi\/wp-content\/uploads\/2018\/07\/Kynnet-3.png 598w\" sizes=\"(max-width: 150px) 100vw, 150px\" \/><\/a>\n\t\t\t<\/dt><\/dl><dl class='gallery-item'>\n\t\t\t<dt class='gallery-icon landscape'>\n\t\t\t\t<a href='https:\/\/www.blossombeautyhelsinki.fi\/?attachment_id=642#main'><img loading=\"lazy\" decoding=\"async\" width=\"150\" height=\"150\" src=\"https:\/\/www.blossombeautyhelsinki.fi\/wp-content\/uploads\/2018\/07\/Kynnet-1-150x150.png\" class=\"attachment-thumbnail size-thumbnail\" alt=\"\" srcset=\"https:\/\/www.blossombeautyhelsinki.fi\/wp-content\/uploads\/2018\/07\/Kynnet-1-150x150.png 150w, https:\/\/www.blossombeautyhelsinki.fi\/wp-content\/uploads\/2018\/07\/Kynnet-1-90x90.png 90w\" sizes=\"(max-width: 150px) 100vw, 150px\" \/><\/a>\n\t\t\t<\/dt><\/dl><dl class='gallery-item'>\n\t\t\t<dt class='gallery-icon landscape'>\n\t\t\t\t<a href='https:\/\/www.blossombeautyhelsinki.fi\/?attachment_id=643#main'><img loading=\"lazy\" decoding=\"async\" width=\"150\" height=\"150\" src=\"https:\/\/www.blossombeautyhelsinki.fi\/wp-content\/uploads\/2018\/07\/Kynnet-2-150x150.png\" class=\"attachment-thumbnail size-thumbnail\" alt=\"\" srcset=\"https:\/\/www.blossombeautyhelsinki.fi\/wp-content\/uploads\/2018\/07\/Kynnet-2-150x150.png 150w, https:\/\/www.blossombeautyhelsinki.fi\/wp-content\/uploads\/2018\/07\/Kynnet-2-300x300.png 300w, https:\/\/www.blossombeautyhelsinki.fi\/wp-content\/uploads\/2018\/07\/Kynnet-2-90x90.png 90w, https:\/\/www.blossombeautyhelsinki.fi\/wp-content\/uploads\/2018\/07\/Kynnet-2-381x380.png 381w, https:\/\/www.blossombeautyhelsinki.fi\/wp-content\/uploads\/2018\/07\/Kynnet-2.png 597w\" sizes=\"(max-width: 150px) 100vw, 150px\" \/><\/a>\n\t\t\t<\/dt><\/dl><br style=\"clear: both\" \/>\n\t\t<\/div>\n\n<p>&nbsp;<\/p>\n<p>&nbsp;<\/p>\n<p>Kynsipalveluihimme kuuuluvat geeli- ja akryylikynnet, sormen- ja varpaankynsien geelilakkaukset sek\u00e4 perinteiset manikyyrit lakkauksella.\u00a0 Uusien rakennekynsien hintaan kuuluu aina 5 kpl vapaavalintaisia kynsikoristeita.<\/p>\n<p>&nbsp;<\/p>\n<p>&nbsp;<\/p>\n<p><strong>Akryylikynnet vs. geelikynnet<\/strong><\/p>\n<p>Akryylikynnet ovat geelikynsi\u00e4 kest\u00e4v\u00e4mpi, mutta my\u00f6s helpommin poistettava vaihtoehto. Geelikynnet ovat kuitenkin akryylikynsi\u00e4 hell\u00e4varaisemmat omille kynsille, ja n\u00e4ytt\u00e4v\u00e4t usein luonnollisemmilta.<\/p>\n<p>&nbsp;<\/p>\n","protected":false},"excerpt":{"rendered":"<p>&lt;- Takaisin sivulle \u201cPalvelumme\u201d &nbsp; &nbsp; Kynsipalveluihimme kuuuluvat geeli- ja akryylikynnet, sormen- ja varpaankynsien geelilakkaukset sek\u00e4 perinteiset manikyyrit lakkauksella.\u00a0 Uusien rakennekynsien hintaan kuuluu aina 5 kpl vapaavalintaisia kynsikoristeita. &nbsp; &nbsp; Akryylikynnet vs. geelikynnet Akryylikynnet ovat geelikynsi\u00e4 kest\u00e4v\u00e4mpi, mutta my\u00f6s helpommin poistettava vaihtoehto. Geelikynnet ovat kuitenkin akryylikynsi\u00e4 hell\u00e4varaisemmat omille kynsille, ja n\u00e4ytt\u00e4v\u00e4t usein luonnollisemmilta. &nbsp;<\/p>\n","protected":false},"author":2,"featured_media":0,"parent":0,"menu_order":0,"comment_status":"closed","ping_status":"closed","template":"","meta":{"footnotes":""},"_links":{"self":[{"href":"https:\/\/www.blossombeautyhelsinki.fi\/index.php?rest_route=\/wp\/v2\/pages\/322"}],"collection":[{"href":"https:\/\/www.blossombeautyhelsinki.fi\/index.php?rest_route=\/wp\/v2\/pages"}],"about":[{"href":"https:\/\/www.blossombeautyhelsinki.fi\/index.php?rest_route=\/wp\/v2\/types\/page"}],"author":[{"embeddable":true,"href":"https:\/\/www.blossombeautyhelsinki.fi\/index.php?rest_route=\/wp\/v2\/users\/2"}],"replies":[{"embeddable":true,"href":"https:\/\/www.blossombeautyhelsinki.fi\/index.php?rest_route=%2Fwp%2Fv2%2Fcomments&post=322"}],"version-history":[{"count":4,"href":"https:\/\/www.blossombeautyhelsinki.fi\/index.php?rest_route=\/wp\/v2\/pages\/322\/revisions"}],"predecessor-version":[{"id":650,"href":"https:\/\/www.blossombeautyhelsinki.fi\/index.php?rest_route=\/wp\/v2\/pages\/322\/revisions\/650"}],"wp:attachment":[{"href":"https:\/\/www.blossombeautyhelsinki.fi\/index.php?rest_route=%2Fwp%2Fv2%2Fmedia&parent=322"}],"curies":[{"name":"wp","href":"https:\/\/api.w.org\/{rel}","templated":true}]}}