{"id":226,"date":"2017-10-03T19:37:35","date_gmt":"2017-10-03T19:37:35","guid":{"rendered":"https:\/\/blossombeautyhelsinki.wordpress.com\/?page_id=226"},"modified":"2018-07-24T18:05:13","modified_gmt":"2018-07-24T18:05:13","slug":"nano-pigmentointi","status":"publish","type":"page","link":"https:\/\/www.blossombeautyhelsinki.fi\/?page_id=226","title":{"rendered":"Nano-pigmentointi"},"content":{"rendered":"<p><a href=\"https:\/\/www.blossombeautyhelsinki.fi\/?page_id=49\">&lt;- Takaisin sivulle \u201cPalvelumme\u201d<\/a><\/p>\n<p><img loading=\"lazy\" decoding=\"async\" class=\" wp-image-304 aligncenter\" src=\"https:\/\/www.blossombeautyhelsinki.fi\/wp-content\/uploads\/2017\/10\/nano-huulet-003.png\" alt=\"Nano huulet 003\" width=\"379\" height=\"363\" srcset=\"https:\/\/www.blossombeautyhelsinki.fi\/wp-content\/uploads\/2017\/10\/nano-huulet-003.png 786w, https:\/\/www.blossombeautyhelsinki.fi\/wp-content\/uploads\/2017\/10\/nano-huulet-003-300x287.png 300w, https:\/\/www.blossombeautyhelsinki.fi\/wp-content\/uploads\/2017\/10\/nano-huulet-003-768x735.png 768w\" sizes=\"(max-width: 379px) 100vw, 379px\" \/><\/p>\n<p style=\"text-align: center;\"><strong>Kuvagalleria nano-t\u00f6ist\u00e4mme sivun lopussa!<\/strong><\/p>\n<p>Nano-pigmentointi on tekniikka, jota k\u00e4ytet\u00e4\u00e4n huulten, silm\u00e4rajausten (eye liner) ja kulmakarvojen kest\u00e4v\u00e4\u00e4n pigmentointiin.\u00a0 K\u00e4ytett\u00e4v\u00e4t neulat ovat nelj\u00e4 kertaa ohuempia kuin\u00a0ohuin perinteisess\u00e4 kestopigmentoinnissa k\u00e4ytett\u00e4v\u00e4 neula, mik\u00e4 mahdollistaa hienovaraisen, alle 0,1 mm paksun viivan piirt\u00e4misen. Ohuen neulan ansiosta nano-pigmentointi koetaan my\u00f6s usein huomattavasti tavallista kestopigmentointia kivuttomammaksi tai jopa t\u00e4ysin kivuttomaksi toimenpiteeksi.<\/p>\n<p>Nano-neulat viev\u00e4t pigmentin hell\u00e4varoen ja todella tarkkasti epidermikseen synnytt\u00e4en kauniita ja hyvin ohuita viivoja. Pigmentin m\u00e4\u00e4r\u00e4 jokaisen epidermiskerroksen kohdalla pysyy samana, koska laajempi neula ei ty\u00f6nn\u00e4 ihosoluja pistosten aikana, eiv\u00e4tk\u00e4 nano-viivojen pigmentit t\u00e4st\u00e4 syyst\u00e4 siirry ajan kuluessa samalla tavoin kuin leve\u00e4mmill\u00e4 terill\u00e4 tehdyt viivat. Pigmentointi kest\u00e4\u00e4 yleens\u00e4 ihotyypist\u00e4 ja el\u00e4m\u00e4ntyylist\u00e4 (esim. auringossa oleilu) riippuen n. 2-5 vuotta, mutta vahvistusk\u00e4sittely\u00e4 suositellaan (ensivahvistuksen, n. 1 kk ensimm\u00e4isest\u00e4 k\u00e4sittelyst\u00e4, j\u00e4lkeen) n. 12-18 kuukauden v\u00e4lein.<\/p>\n<p>Nano-pigmentoinnin tarkoitus oli alun alkaen syrj\u00e4ytt\u00e4\u00e4 microblading-tekniikka ja nousta moderniksi, turvalliseksi ja tehokkaaksi tavaksi pigmentoida karvoja k\u00e4ytt\u00e4en kestopigmentointiin tarkoitettua konetta ja neulaa. Kapean ter\u00e4n ansiosta nano-pigmentointi on todellinen vallankumous kulmakarvojen muotoilulle, sill\u00e4 se mahdollistaa superluonnollisen lopputuloksen karvatekniikalle. T\u00e4ydellisen lopputuloksen saavuttamiseksi tarvitaan huipputy\u00f6kalujen lis\u00e4ksi suuret harjoitusm\u00e4\u00e4r\u00e4t. Piirron j\u00e4lki on parhaimmillaan niin luonnollinen, ett\u00e4 nano-tekniikalla tehty\u00e4 karvaa on vaikeaa erottaa oikeasta!<\/p>\n<p>Valikoimiimme kuuluvat niin huulten, silm\u00e4rajausten kuin kulmakarvojenkin nano-pigmentoinnit. Pigmentointi suunnitellaan aina yhdess\u00e4 asiakkaan kanssa, jotta lopputulos olisi varmasti mieluinen. Vastaamme my\u00f6s mielell\u00e4mme kaikkiin mielt\u00e4 askarruttaviin kysymyksiin &#8211; tule siis rohkeasti keskustelemaan juuri sinulle sopivimman pigmentointiratkaisun l\u00f6yt\u00e4miseksi!<\/p>\n<p><img loading=\"lazy\" decoding=\"async\" class=\" wp-image-299 aligncenter\" src=\"https:\/\/www.blossombeautyhelsinki.fi\/wp-content\/uploads\/2017\/10\/nano-eyeliner-002.png\" alt=\"Nano eyeliner 002\" width=\"362\" height=\"362\" srcset=\"https:\/\/www.blossombeautyhelsinki.fi\/wp-content\/uploads\/2017\/10\/nano-eyeliner-002.png 785w, https:\/\/www.blossombeautyhelsinki.fi\/wp-content\/uploads\/2017\/10\/nano-eyeliner-002-150x150.png 150w, https:\/\/www.blossombeautyhelsinki.fi\/wp-content\/uploads\/2017\/10\/nano-eyeliner-002-300x300.png 300w, https:\/\/www.blossombeautyhelsinki.fi\/wp-content\/uploads\/2017\/10\/nano-eyeliner-002-768x768.png 768w, https:\/\/www.blossombeautyhelsinki.fi\/wp-content\/uploads\/2017\/10\/nano-eyeliner-002-100x100.png 100w\" sizes=\"(max-width: 362px) 100vw, 362px\" \/><\/p>\n<p><strong>Nano-pigmentoinnin edut verrattuna perinteiseen kestopigmentointiin:<\/strong><\/p>\n<ul>\n<li>Tarjoaa ennenn\u00e4kem\u00e4t\u00f6nt\u00e4 tarkkuutta<\/li>\n<li>Ei aiheuta pigmenttien siirtymist\u00e4<\/li>\n<li>Klassista kestopigmentointia hell\u00e4varaisempi (kivuttomampi, ei vaurioita ihoa samalla tavalla)<\/li>\n<\/ul>\n<p>&nbsp;<\/p>\n<p><strong>Nano-pigmentoinnin edut verrattuna microbladingiin:<\/strong><\/p>\n<ul>\n<li>Eritt\u00e4in tarkka lopputulos.<\/li>\n<li>Kest\u00e4v\u00e4mpi lopputulos.<\/li>\n<li>Mahdollistaa saman alueen toistuvan k\u00e4sittelyn, mik\u00e4 turvaa pigmentin turvallisen lis\u00e4\u00e4misen ja tekee lopputuloksesta kest\u00e4v\u00e4mm\u00e4n.<\/li>\n<li>Ei j\u00e4t\u00e4 arpia, koska ihoa ei viillet\u00e4.<\/li>\n<li>Kivuttomampi tai jopa kokonaan kivuton metodi.<\/li>\n<li>Iho ei vuoda verta toimenpiteen aikana, koska sit\u00e4 ei viillet\u00e4.<\/li>\n<li>Lopputulos ei levi\u00e4 ajan kanssa (kun taas viillot, joita tehd\u00e4\u00e4n microbladingiss\u00e4 siirtyv\u00e4t ajan kuluessa kohti ihon yl\u00e4kerroksia)<\/li>\n<\/ul>\n<p>&nbsp;<\/p>\n<p><strong>Ennen nano-pigmentointia<\/strong><\/p>\n<ul>\n<li>Omega-3:n sek\u00e4 muiden \u00f6ljyjen s\u00e4\u00e4nn\u00f6llinen nauttiminen voi vaikuttaa negatiivisesti v\u00e4rin tarttumiseeen. Suosittelemmekin olemaan k\u00e4ytt\u00e4m\u00e4tt\u00e4 omega-3- ja muita &#8220;ylim\u00e4\u00e4r\u00e4isi\u00e4&#8221; \u00f6ljyj\u00e4 3 vko ennen k\u00e4ynti\u00e4.<\/li>\n<li>My\u00f6s kuukautisten aikana v\u00e4rin tarttuvuus voi olla tavallista heikompi.<\/li>\n<li>Jos k\u00e4yt\u00e4t kulmakarva-alueelle s\u00e4\u00e4nn\u00f6llisesti esim. hoito\u00f6ljy\u00e4 tai seerumia, suosittelemme pit\u00e4ytym\u00e4\u00e4n \u00f6ljy\u00e4misest\u00e4 v\u00e4hint\u00e4\u00e4n viikon ennen microblading-k\u00e4sittely\u00e4.<\/li>\n<li>Alkoholin k\u00e4ytt\u00f6\u00e4 tulisi v\u00e4ltt\u00e4\u00e4 2 vrk ennen k\u00e4sittely\u00e4.<\/li>\n<li>Kahvia ei tulisi juoda ennen k\u00e4sittely\u00e4.<\/li>\n<\/ul>\n<p>&nbsp;<\/p>\n<p><strong>Nano-pigmentoinnin j\u00e4lkihoito<\/strong><\/p>\n<p>Nano-pigmentoinnin j\u00e4lkiprosessit koostuu kolmesta vaiheesta:<\/p>\n<ol>\n<li>Ihon pintakerroksen parantuminen<\/li>\n<li>Kuolleen ihon kuoriutuminen<\/li>\n<li>Pigmentin v\u00e4heneminen<\/li>\n<\/ol>\n<div><\/div>\n<div>Ensimm\u00e4isten 24h j\u00e4lkeen iho on herkk\u00e4. Jos koet tarvetta pest\u00e4 kulmia niin pese haalealla vedell\u00e4 varovasti painamatta kulmia liikaa. Pienet kuivat palaset, jotka irtoilevat koostuvat\u00a0pigmentist\u00e4, verest\u00e4\u00a0ja\u00a0kuolleesta ihosta. Vaikka iho on \u00e4rsyyntynyt tai kutiaa, ei sit\u00e4 tule miss\u00e4\u00e4n nimess\u00e4 raapia; tarpeen vaatiessa voi kulmia varovasti huuhdella haalealla vedell\u00e4. \u00d6ljyt ja balsamit auttavat \u00e4rsyyntynytt\u00e4 ihoa ja rauhoittavat sit\u00e4, ja siksi suositellaan, ett\u00e4 ensimm\u00e4isen viikon ajan laitetaan sit\u00e4 kulmiin 3-4 kertaa p\u00e4iv\u00e4ss\u00e4.<\/div>\n<ul>\n<li>Auringonottoa\/solariumia, uimista ja saunomista\/liikuntaa\/muuta voimakasta hikoilua tulee v\u00e4ltell\u00e4 viikko k\u00e4sittelyn j\u00e4lkeen.<\/li>\n<li>Kloori ja muut kemikaalit heikent\u00e4v\u00e4t pigmentti\u00e4, sill\u00e4 pigmentit ovat v\u00e4riaineeltaan luonnollisia.<\/li>\n<li>Kulmameikki\u00e4 ei suositella ensimm\u00e4isiin 10 p\u00e4iv\u00e4\u00e4n.<\/li>\n<li>K\u00e4sitellylle alueelle k\u00e4ytet\u00e4\u00e4n j\u00e4lkihoitovoidetta (esim. vaseliinia tai kookos\u00f6ljy\u00e4) 3-4 kertaa p\u00e4iv\u00e4ss\u00e4. Annamme j\u00e4lkihoitovoidetta kaikille microblading-asiakkaillemme normaalin j\u00e4lkihoidon tarpeisiin riitt\u00e4v\u00e4n m\u00e4\u00e4r\u00e4n.<\/li>\n<\/ul>\n<p>&nbsp;<\/p>\n<p><strong><br \/>\nNano-pigmentointia ei voida tehd\u00e4&#8230;<\/strong><\/p>\n<ul>\n<li>Puudutusaineallergikoille<\/li>\n<li>Diabeetikoille<\/li>\n<li>Verenvuototaudista k\u00e4rsiville<\/li>\n<li>Raskaana oleville (siki\u00f6n reaktiota puudutusaineeseen ei tiedet\u00e4, koska sit\u00e4 ei ole tutkittu)<\/li>\n<li>Imet\u00e4ville \u00e4ideille\u00a0(hormonit saattavat vaikeuttaa v\u00e4rin tarttumista ihoon)<\/li>\n<li>Verenohennusl\u00e4\u00e4kkeit\u00e4 k\u00e4ytt\u00e4ville<\/li>\n<li>Ihosairauksista tai ihottumasta k\u00e4rsiville<\/li>\n<li>Roaccutan-l\u00e4\u00e4kityksell\u00e4 oleville (viimeisest\u00e4 kuurista oltava v\u00e4hint\u00e4\u00e4n 12 kk)<\/li>\n<li>Sy\u00f6p\u00e4hoidossa oleville (viimeisest\u00e4 hoidosta oltava v\u00e4hint\u00e4\u00e4n 12 kk)<\/li>\n<li>Herpeksest\u00e4 k\u00e4rsiville herpeksen ollessa aktiivinen<\/li>\n<\/ul>\n<p>&nbsp;<\/p>\n<p style=\"text-align: center;\"><strong>T\u00f6it\u00e4mme:<\/strong><\/p>\n<div id='gallery-1' class='gallery galleryid-226 gallery-columns-3 gallery-size-thumbnail'><dl class='gallery-item'>\n\t\t\t<dt class='gallery-icon landscape'>\n\t\t\t\t<a href='https:\/\/www.blossombeautyhelsinki.fi\/?attachment_id=304'><img loading=\"lazy\" decoding=\"async\" width=\"150\" height=\"150\" src=\"https:\/\/www.blossombeautyhelsinki.fi\/wp-content\/uploads\/2017\/10\/nano-huulet-003-150x150.png\" class=\"attachment-thumbnail size-thumbnail\" alt=\"\" srcset=\"https:\/\/www.blossombeautyhelsinki.fi\/wp-content\/uploads\/2017\/10\/nano-huulet-003-150x150.png 150w, https:\/\/www.blossombeautyhelsinki.fi\/wp-content\/uploads\/2017\/10\/nano-huulet-003-100x100.png 100w\" sizes=\"(max-width: 150px) 100vw, 150px\" \/><\/a>\n\t\t\t<\/dt><\/dl><dl class='gallery-item'>\n\t\t\t<dt class='gallery-icon landscape'>\n\t\t\t\t<a href='https:\/\/www.blossombeautyhelsinki.fi\/?attachment_id=299'><img loading=\"lazy\" decoding=\"async\" width=\"150\" height=\"150\" src=\"https:\/\/www.blossombeautyhelsinki.fi\/wp-content\/uploads\/2017\/10\/nano-eyeliner-002-150x150.png\" class=\"attachment-thumbnail size-thumbnail\" alt=\"\" srcset=\"https:\/\/www.blossombeautyhelsinki.fi\/wp-content\/uploads\/2017\/10\/nano-eyeliner-002-150x150.png 150w, https:\/\/www.blossombeautyhelsinki.fi\/wp-content\/uploads\/2017\/10\/nano-eyeliner-002-300x300.png 300w, https:\/\/www.blossombeautyhelsinki.fi\/wp-content\/uploads\/2017\/10\/nano-eyeliner-002-768x768.png 768w, https:\/\/www.blossombeautyhelsinki.fi\/wp-content\/uploads\/2017\/10\/nano-eyeliner-002-100x100.png 100w, https:\/\/www.blossombeautyhelsinki.fi\/wp-content\/uploads\/2017\/10\/nano-eyeliner-002.png 785w\" sizes=\"(max-width: 150px) 100vw, 150px\" \/><\/a>\n\t\t\t<\/dt><\/dl><dl class='gallery-item'>\n\t\t\t<dt class='gallery-icon landscape'>\n\t\t\t\t<a href='https:\/\/www.blossombeautyhelsinki.fi\/?attachment_id=305'><img loading=\"lazy\" decoding=\"async\" width=\"150\" height=\"150\" src=\"https:\/\/www.blossombeautyhelsinki.fi\/wp-content\/uploads\/2017\/10\/nano-huulet-004-150x150.png\" class=\"attachment-thumbnail size-thumbnail\" alt=\"\" srcset=\"https:\/\/www.blossombeautyhelsinki.fi\/wp-content\/uploads\/2017\/10\/nano-huulet-004-150x150.png 150w, https:\/\/www.blossombeautyhelsinki.fi\/wp-content\/uploads\/2017\/10\/nano-huulet-004-300x300.png 300w, https:\/\/www.blossombeautyhelsinki.fi\/wp-content\/uploads\/2017\/10\/nano-huulet-004-768x768.png 768w, https:\/\/www.blossombeautyhelsinki.fi\/wp-content\/uploads\/2017\/10\/nano-huulet-004-100x100.png 100w, https:\/\/www.blossombeautyhelsinki.fi\/wp-content\/uploads\/2017\/10\/nano-huulet-004.png 789w\" sizes=\"(max-width: 150px) 100vw, 150px\" \/><\/a>\n\t\t\t<\/dt><\/dl><br style=\"clear: both\" \/><dl class='gallery-item'>\n\t\t\t<dt class='gallery-icon landscape'>\n\t\t\t\t<a href='https:\/\/www.blossombeautyhelsinki.fi\/?attachment_id=306'><img loading=\"lazy\" decoding=\"async\" width=\"150\" height=\"150\" src=\"https:\/\/www.blossombeautyhelsinki.fi\/wp-content\/uploads\/2017\/10\/nano-huulet-kulmat-150x150.png\" class=\"attachment-thumbnail size-thumbnail\" alt=\"\" srcset=\"https:\/\/www.blossombeautyhelsinki.fi\/wp-content\/uploads\/2017\/10\/nano-huulet-kulmat-150x150.png 150w, https:\/\/www.blossombeautyhelsinki.fi\/wp-content\/uploads\/2017\/10\/nano-huulet-kulmat-300x298.png 300w, https:\/\/www.blossombeautyhelsinki.fi\/wp-content\/uploads\/2017\/10\/nano-huulet-kulmat-768x764.png 768w, https:\/\/www.blossombeautyhelsinki.fi\/wp-content\/uploads\/2017\/10\/nano-huulet-kulmat-100x100.png 100w, https:\/\/www.blossombeautyhelsinki.fi\/wp-content\/uploads\/2017\/10\/nano-huulet-kulmat.png 783w\" sizes=\"(max-width: 150px) 100vw, 150px\" \/><\/a>\n\t\t\t<\/dt><\/dl><dl class='gallery-item'>\n\t\t\t<dt class='gallery-icon landscape'>\n\t\t\t\t<a href='https:\/\/www.blossombeautyhelsinki.fi\/?attachment_id=302'><img loading=\"lazy\" decoding=\"async\" width=\"150\" height=\"150\" src=\"https:\/\/www.blossombeautyhelsinki.fi\/wp-content\/uploads\/2017\/10\/nano-eyeliner-150x150.png\" class=\"attachment-thumbnail size-thumbnail\" alt=\"\" srcset=\"https:\/\/www.blossombeautyhelsinki.fi\/wp-content\/uploads\/2017\/10\/nano-eyeliner-150x150.png 150w, https:\/\/www.blossombeautyhelsinki.fi\/wp-content\/uploads\/2017\/10\/nano-eyeliner-100x100.png 100w\" sizes=\"(max-width: 150px) 100vw, 150px\" \/><\/a>\n\t\t\t<\/dt><\/dl><dl class='gallery-item'>\n\t\t\t<dt class='gallery-icon landscape'>\n\t\t\t\t<a href='https:\/\/www.blossombeautyhelsinki.fi\/?attachment_id=307'><img loading=\"lazy\" decoding=\"async\" width=\"150\" height=\"150\" src=\"https:\/\/www.blossombeautyhelsinki.fi\/wp-content\/uploads\/2017\/10\/nano-huulet-150x150.png\" class=\"attachment-thumbnail size-thumbnail\" alt=\"\" srcset=\"https:\/\/www.blossombeautyhelsinki.fi\/wp-content\/uploads\/2017\/10\/nano-huulet-150x150.png 150w, https:\/\/www.blossombeautyhelsinki.fi\/wp-content\/uploads\/2017\/10\/nano-huulet-100x100.png 100w\" sizes=\"(max-width: 150px) 100vw, 150px\" \/><\/a>\n\t\t\t<\/dt><\/dl><br style=\"clear: both\" \/><dl class='gallery-item'>\n\t\t\t<dt class='gallery-icon landscape'>\n\t\t\t\t<a href='https:\/\/www.blossombeautyhelsinki.fi\/?attachment_id=301'><img loading=\"lazy\" decoding=\"async\" width=\"150\" height=\"150\" src=\"https:\/\/www.blossombeautyhelsinki.fi\/wp-content\/uploads\/2017\/10\/nano-eyeliner-huulet-kulmat-microblading-150x150.png\" class=\"attachment-thumbnail size-thumbnail\" alt=\"\" srcset=\"https:\/\/www.blossombeautyhelsinki.fi\/wp-content\/uploads\/2017\/10\/nano-eyeliner-huulet-kulmat-microblading-150x150.png 150w, https:\/\/www.blossombeautyhelsinki.fi\/wp-content\/uploads\/2017\/10\/nano-eyeliner-huulet-kulmat-microblading-100x100.png 100w\" sizes=\"(max-width: 150px) 100vw, 150px\" \/><\/a>\n\t\t\t<\/dt><\/dl><dl class='gallery-item'>\n\t\t\t<dt class='gallery-icon landscape'>\n\t\t\t\t<a href='https:\/\/www.blossombeautyhelsinki.fi\/?attachment_id=303'><img loading=\"lazy\" decoding=\"async\" width=\"150\" height=\"150\" src=\"https:\/\/www.blossombeautyhelsinki.fi\/wp-content\/uploads\/2017\/10\/nano-huulet-002-150x150.png\" class=\"attachment-thumbnail size-thumbnail\" alt=\"\" srcset=\"https:\/\/www.blossombeautyhelsinki.fi\/wp-content\/uploads\/2017\/10\/nano-huulet-002-150x150.png 150w, https:\/\/www.blossombeautyhelsinki.fi\/wp-content\/uploads\/2017\/10\/nano-huulet-002-300x300.png 300w, https:\/\/www.blossombeautyhelsinki.fi\/wp-content\/uploads\/2017\/10\/nano-huulet-002-768x765.png 768w, https:\/\/www.blossombeautyhelsinki.fi\/wp-content\/uploads\/2017\/10\/nano-huulet-002-100x100.png 100w, https:\/\/www.blossombeautyhelsinki.fi\/wp-content\/uploads\/2017\/10\/nano-huulet-002.png 788w\" sizes=\"(max-width: 150px) 100vw, 150px\" \/><\/a>\n\t\t\t<\/dt><\/dl><dl class='gallery-item'>\n\t\t\t<dt class='gallery-icon landscape'>\n\t\t\t\t<a href='https:\/\/www.blossombeautyhelsinki.fi\/?attachment_id=649#main'><img loading=\"lazy\" decoding=\"async\" width=\"150\" height=\"150\" src=\"https:\/\/www.blossombeautyhelsinki.fi\/wp-content\/uploads\/2018\/07\/Nano-150x150.png\" class=\"attachment-thumbnail size-thumbnail\" alt=\"\" srcset=\"https:\/\/www.blossombeautyhelsinki.fi\/wp-content\/uploads\/2018\/07\/Nano-150x150.png 150w, https:\/\/www.blossombeautyhelsinki.fi\/wp-content\/uploads\/2018\/07\/Nano-300x298.png 300w, https:\/\/www.blossombeautyhelsinki.fi\/wp-content\/uploads\/2018\/07\/Nano-90x90.png 90w, https:\/\/www.blossombeautyhelsinki.fi\/wp-content\/uploads\/2018\/07\/Nano-383x380.png 383w, https:\/\/www.blossombeautyhelsinki.fi\/wp-content\/uploads\/2018\/07\/Nano.png 602w\" sizes=\"(max-width: 150px) 100vw, 150px\" \/><\/a>\n\t\t\t<\/dt><\/dl><br style=\"clear: both\" \/><dl class='gallery-item'>\n\t\t\t<dt class='gallery-icon landscape'>\n\t\t\t\t<a href='https:\/\/www.blossombeautyhelsinki.fi\/?attachment_id=648#main'><img loading=\"lazy\" decoding=\"async\" width=\"150\" height=\"150\" src=\"https:\/\/www.blossombeautyhelsinki.fi\/wp-content\/uploads\/2018\/07\/Nano-EL-150x150.png\" class=\"attachment-thumbnail size-thumbnail\" alt=\"\" srcset=\"https:\/\/www.blossombeautyhelsinki.fi\/wp-content\/uploads\/2018\/07\/Nano-EL-150x150.png 150w, https:\/\/www.blossombeautyhelsinki.fi\/wp-content\/uploads\/2018\/07\/Nano-EL-300x298.png 300w, https:\/\/www.blossombeautyhelsinki.fi\/wp-content\/uploads\/2018\/07\/Nano-EL-90x90.png 90w, https:\/\/www.blossombeautyhelsinki.fi\/wp-content\/uploads\/2018\/07\/Nano-EL-383x380.png 383w, https:\/\/www.blossombeautyhelsinki.fi\/wp-content\/uploads\/2018\/07\/Nano-EL.png 599w\" sizes=\"(max-width: 150px) 100vw, 150px\" \/><\/a>\n\t\t\t<\/dt><\/dl>\n\t\t\t<br style='clear: both' \/>\n\t\t<\/div>\n\n","protected":false},"excerpt":{"rendered":"<p>&lt;- Takaisin sivulle \u201cPalvelumme\u201d Kuvagalleria nano-t\u00f6ist\u00e4mme sivun lopussa! Nano-pigmentointi on tekniikka, jota k\u00e4ytet\u00e4\u00e4n huulten, silm\u00e4rajausten (eye liner) ja kulmakarvojen kest\u00e4v\u00e4\u00e4n pigmentointiin.\u00a0 K\u00e4ytett\u00e4v\u00e4t neulat ovat nelj\u00e4 kertaa ohuempia kuin\u00a0ohuin perinteisess\u00e4 kestopigmentoinnissa k\u00e4ytett\u00e4v\u00e4 neula, mik\u00e4 mahdollistaa hienovaraisen, alle 0,1 mm paksun viivan piirt\u00e4misen. Ohuen neulan ansiosta nano-pigmentointi koetaan my\u00f6s usein huomattavasti tavallista kestopigmentointia kivuttomammaksi tai jopa t\u00e4ysin [&hellip;]<\/p>\n","protected":false},"author":2,"featured_media":0,"parent":0,"menu_order":0,"comment_status":"closed","ping_status":"closed","template":"","meta":{"footnotes":""},"_links":{"self":[{"href":"https:\/\/www.blossombeautyhelsinki.fi\/index.php?rest_route=\/wp\/v2\/pages\/226"}],"collection":[{"href":"https:\/\/www.blossombeautyhelsinki.fi\/index.php?rest_route=\/wp\/v2\/pages"}],"about":[{"href":"https:\/\/www.blossombeautyhelsinki.fi\/index.php?rest_route=\/wp\/v2\/types\/page"}],"author":[{"embeddable":true,"href":"https:\/\/www.blossombeautyhelsinki.fi\/index.php?rest_route=\/wp\/v2\/users\/2"}],"replies":[{"embeddable":true,"href":"https:\/\/www.blossombeautyhelsinki.fi\/index.php?rest_route=%2Fwp%2Fv2%2Fcomments&post=226"}],"version-history":[{"count":4,"href":"https:\/\/www.blossombeautyhelsinki.fi\/index.php?rest_route=\/wp\/v2\/pages\/226\/revisions"}],"predecessor-version":[{"id":655,"href":"https:\/\/www.blossombeautyhelsinki.fi\/index.php?rest_route=\/wp\/v2\/pages\/226\/revisions\/655"}],"wp:attachment":[{"href":"https:\/\/www.blossombeautyhelsinki.fi\/index.php?rest_route=%2Fwp%2Fv2%2Fmedia&parent=226"}],"curies":[{"name":"wp","href":"https:\/\/api.w.org\/{rel}","templated":true}]}}